{"id":314,"date":"2016-08-14T21:50:55","date_gmt":"2016-08-14T21:50:55","guid":{"rendered":"http:\/\/tecni-pack.com\/web\/?post_type=product&#038;p=314"},"modified":"2016-08-14T21:55:10","modified_gmt":"2016-08-14T21:55:10","slug":"empaques-para-inercambiadores-de-calor","status":"publish","type":"product","link":"https:\/\/tecni-pack.com\/web\/product\/empaques-para-inercambiadores-de-calor\/","title":{"rendered":"Empaques para Intercambiadores de Calor"},"content":{"rendered":"<p>Un intercambiador de calor a placas es un equipo est\u00e1tico que tiene la funci\u00f3n de intercambiar el calor de dos fluidos atrav\u00e9s de una placa met\u00e1lica corrugada sin que estos \u00faltimos tengan contacto o mezcla entre ellos mismos.<\/p>\n<p>El material de los empaques se selecciona de acuerdo al compuesto qu\u00edmico de los fluidos y a su temperatura.<\/p>\n<p><em><strong>Existen diferentes materiales para la fabricaci\u00f3n de empaques siendo los mas comunes:<\/strong><\/em><\/p>\n<ul>\n<li>Nitrilo<\/li>\n<li>EPDM<\/li>\n<li>Vit\u00f3n<\/li>\n<\/ul>\n<p>La calidad de los empaques depende b\u00e1sicamente de la correcta selecci\u00f3n y mezcla de los componentes y el curado de estos en el proceso de termoformado, este \u00faltimo se logra aplicando la presi\u00f3n adecuada a la temperatura \u00f3ptima por el tiempo requerido hasta lograr la dureza y \u201ccocido\u201d perfecto del material.<\/p>\n","protected":false},"excerpt":{"rendered":"<p>Un intercambiador de calor a placas es un equipo est\u00e1tico que tiene la funci\u00f3n de intercambiar el calor de dos fluidos atrav\u00e9s de una placa met\u00e1lica corrugada sin que estos \u00faltimos tengan contacto o mezcla entre ellos mismos. El material de los empaques se selecciona de acuerdo al compuesto qu\u00edmico de los fluidos y a [&hellip;]<\/p>\n","protected":false},"author":1,"featured_media":315,"comment_status":"open","ping_status":"closed","template":"","meta":[],"class_list":{"0":"post-314","1":"product","2":"type-product","3":"status-publish","4":"has-post-thumbnail","7":"first","8":"instock","9":"shipping-taxable","10":"product-type-simple"},"_links":{"self":[{"href":"https:\/\/tecni-pack.com\/web\/wp-json\/wp\/v2\/product\/314","targetHints":{"allow":["GET"]}}],"collection":[{"href":"https:\/\/tecni-pack.com\/web\/wp-json\/wp\/v2\/product"}],"about":[{"href":"https:\/\/tecni-pack.com\/web\/wp-json\/wp\/v2\/types\/product"}],"author":[{"embeddable":true,"href":"https:\/\/tecni-pack.com\/web\/wp-json\/wp\/v2\/users\/1"}],"replies":[{"embeddable":true,"href":"https:\/\/tecni-pack.com\/web\/wp-json\/wp\/v2\/comments?post=314"}],"wp:featuredmedia":[{"embeddable":true,"href":"https:\/\/tecni-pack.com\/web\/wp-json\/wp\/v2\/media\/315"}],"wp:attachment":[{"href":"https:\/\/tecni-pack.com\/web\/wp-json\/wp\/v2\/media?parent=314"}],"curies":[{"name":"wp","href":"https:\/\/api.w.org\/{rel}","templated":true}]}}