{"id":304,"date":"2016-08-14T20:59:00","date_gmt":"2016-08-14T20:59:00","guid":{"rendered":"http:\/\/tecni-pack.com\/web\/?post_type=product&#038;p=304"},"modified":"2020-10-31T20:24:43","modified_gmt":"2020-10-31T20:24:43","slug":"empaquetaduras-trenzadas","status":"publish","type":"product","link":"https:\/\/tecni-pack.com\/web\/product\/empaquetaduras-trenzadas\/","title":{"rendered":"Empaquetaduras Trenzadas"},"content":{"rendered":"<p>Manejamos todo Tipo de Empaquetadura Trenzada las cuales son usadas en equipos como bombas, v\u00e1lvulas y agitadores.<\/p>\n<p><em><strong>Us\u00e1ndose en Materiales:<\/strong><\/em><\/p>\n<ul>\n<li>Tefl\u00f3n Puro<\/li>\n<li>Grafito Expandido<\/li>\n<li>Kevlar<\/li>\n<li>Fibras Aram\u00eddicas<\/li>\n<li>Fibra de Grafito<\/li>\n<li>Fibra de Carb\u00f3n<\/li>\n<\/ul>\n<p><strong><em>Para una mayor informaci\u00f3n y asesor\u00eda t\u00e9cnica para su aplicaci\u00f3n, no dude en comunicarse con nosotros.<\/em><\/strong><\/p>\n<p><strong>Tecni Pack S.A. de C.V.<\/strong><br \/>\nMagnolia 1717B, Col. Reforma, C.P. 64550<br \/>\nMonterrey. Nuevo Le\u00f3n<br \/>\nventas@tecni-pack.com<br \/>\nTel. 01 (81) 83 55 75 31<\/p>\n","protected":false},"excerpt":{"rendered":"<p>Manejamos todo Tipo de Empaquetadura Trenzada las cuales son usadas en equipos como bombas, v\u00e1lvulas y agitadores. Us\u00e1ndose en Materiales: Tefl\u00f3n Puro Grafito Expandido Kevlar Fibras Aram\u00eddicas Fibra de Grafito Fibra de Carb\u00f3n Para una mayor informaci\u00f3n y asesor\u00eda t\u00e9cnica para su aplicaci\u00f3n, no dude en comunicarse con nosotros. Tecni Pack S.A. de C.V. Magnolia [&hellip;]<\/p>\n","protected":false},"author":1,"featured_media":305,"comment_status":"open","ping_status":"closed","template":"","meta":[],"class_list":{"0":"post-304","1":"product","2":"type-product","3":"status-publish","4":"has-post-thumbnail","7":"first","8":"instock","9":"shipping-taxable","10":"product-type-simple"},"_links":{"self":[{"href":"https:\/\/tecni-pack.com\/web\/wp-json\/wp\/v2\/product\/304","targetHints":{"allow":["GET"]}}],"collection":[{"href":"https:\/\/tecni-pack.com\/web\/wp-json\/wp\/v2\/product"}],"about":[{"href":"https:\/\/tecni-pack.com\/web\/wp-json\/wp\/v2\/types\/product"}],"author":[{"embeddable":true,"href":"https:\/\/tecni-pack.com\/web\/wp-json\/wp\/v2\/users\/1"}],"replies":[{"embeddable":true,"href":"https:\/\/tecni-pack.com\/web\/wp-json\/wp\/v2\/comments?post=304"}],"wp:featuredmedia":[{"embeddable":true,"href":"https:\/\/tecni-pack.com\/web\/wp-json\/wp\/v2\/media\/305"}],"wp:attachment":[{"href":"https:\/\/tecni-pack.com\/web\/wp-json\/wp\/v2\/media?parent=304"}],"curies":[{"name":"wp","href":"https:\/\/api.w.org\/{rel}","templated":true}]}}