{"id":300,"date":"2016-08-14T20:46:39","date_gmt":"2016-08-14T20:46:39","guid":{"rendered":"http:\/\/tecni-pack.com\/web\/?post_type=product&#038;p=300"},"modified":"2016-08-14T20:52:28","modified_gmt":"2016-08-14T20:52:28","slug":"vulcanizados-metal-hule","status":"publish","type":"product","link":"https:\/\/tecni-pack.com\/web\/product\/vulcanizados-metal-hule\/","title":{"rendered":"Vulcanizados Metal-Hule"},"content":{"rendered":"<p>Las piezas vulcanizadas en caucho-metal de alta precisi\u00f3n, son piezas moldeadas adaptadas a las necesidades de nuestros clientes.<\/p>\n<p>Se dise\u00f1an en una gran variedad de elast\u00f3meros para alto rendimiento.<\/p>\n<p><em><strong>Aplicaciones:<\/strong><\/em><\/p>\n<ul>\n<li>En la elaboraci\u00f3n de Soportes<\/li>\n<li>Topes<\/li>\n<li>Poleas<\/li>\n<li>Dampers<\/li>\n<li>Placas de Apoyo<\/li>\n<li>Amortiguadores<\/li>\n<\/ul>\n<p>Metales como acero al carbon, acero inoxidable, aluminio, bronce, l\u00e1ton pueden ser vulcanizados en todo tipo de elast\u00f3meros.<\/p>\n<p>Llamenos para poder hacer un presupuesto y desarrollar su dise\u00f1o final.\u00a0 <strong>Tel. 01 (81) 83 55 75 31<\/strong><\/p>\n","protected":false},"excerpt":{"rendered":"<p>Las piezas vulcanizadas en caucho-metal de alta precisi\u00f3n, son piezas moldeadas adaptadas a las necesidades de nuestros clientes. Se dise\u00f1an en una gran variedad de elast\u00f3meros para alto rendimiento. Aplicaciones: En la elaboraci\u00f3n de Soportes Topes Poleas Dampers Placas de Apoyo Amortiguadores Metales como acero al carbon, acero inoxidable, aluminio, bronce, l\u00e1ton pueden ser vulcanizados [&hellip;]<\/p>\n","protected":false},"author":1,"featured_media":301,"comment_status":"open","ping_status":"closed","template":"","meta":[],"class_list":{"0":"post-300","1":"product","2":"type-product","3":"status-publish","4":"has-post-thumbnail","7":"first","8":"instock","9":"shipping-taxable","10":"product-type-simple"},"_links":{"self":[{"href":"https:\/\/tecni-pack.com\/web\/wp-json\/wp\/v2\/product\/300","targetHints":{"allow":["GET"]}}],"collection":[{"href":"https:\/\/tecni-pack.com\/web\/wp-json\/wp\/v2\/product"}],"about":[{"href":"https:\/\/tecni-pack.com\/web\/wp-json\/wp\/v2\/types\/product"}],"author":[{"embeddable":true,"href":"https:\/\/tecni-pack.com\/web\/wp-json\/wp\/v2\/users\/1"}],"replies":[{"embeddable":true,"href":"https:\/\/tecni-pack.com\/web\/wp-json\/wp\/v2\/comments?post=300"}],"wp:featuredmedia":[{"embeddable":true,"href":"https:\/\/tecni-pack.com\/web\/wp-json\/wp\/v2\/media\/301"}],"wp:attachment":[{"href":"https:\/\/tecni-pack.com\/web\/wp-json\/wp\/v2\/media?parent=300"}],"curies":[{"name":"wp","href":"https:\/\/api.w.org\/{rel}","templated":true}]}}