{"id":291,"date":"2016-08-14T20:15:11","date_gmt":"2016-08-14T20:15:11","guid":{"rendered":"http:\/\/tecni-pack.com\/web\/?post_type=product&#038;p=291"},"modified":"2016-08-14T20:22:47","modified_gmt":"2016-08-14T20:22:47","slug":"perfiles-extruidos-de-hule","status":"publish","type":"product","link":"https:\/\/tecni-pack.com\/web\/product\/perfiles-extruidos-de-hule\/","title":{"rendered":"Perfiles Extruidos de Hule"},"content":{"rendered":"<p>Fabricamos perfiles extru\u00eddos de hule y otros elast\u00f3meros de acuerdo a caracter\u00edsticas, especificaciones y aplicaciones especiales. Apeg\u00e1ndonos a dise\u00f1os o muestras f\u00edsicas.<\/p>\n<p><em><strong> Ofrecemos perfiles en materiales como:<\/strong> <\/em><\/p>\n<ul>\n<li>Hule Natural<\/li>\n<li>\u00a0SBR,<\/li>\n<li>Neopreno,<\/li>\n<li>Nitrilo,<\/li>\n<li>EPDM,<\/li>\n<li>Silic\u00f3n,<\/li>\n<li>Vit\u00f3n, y<\/li>\n<li>Nitr\u00edlo Sanitario.<\/li>\n<\/ul>\n<p><strong>B\u00fascanos:<\/strong> Tecni Pack S.a. de C.v<br \/>\nAv. Ruiz Cortines, 2813 Ote. Col. Coyoacan CP: 64510, Monterrey. Nuevo Le\u00f3n.<br \/>\n<strong>Ll\u00e1manos: . 01 (81) 83 55 75 31<\/strong><\/p>\n","protected":false},"excerpt":{"rendered":"<p>Fabricamos perfiles extru\u00eddos de hule y otros elast\u00f3meros de acuerdo a caracter\u00edsticas, especificaciones y aplicaciones especiales. Apeg\u00e1ndonos a dise\u00f1os o muestras f\u00edsicas. Ofrecemos perfiles en materiales como: Hule Natural \u00a0SBR, Neopreno, Nitrilo, EPDM, Silic\u00f3n, Vit\u00f3n, y Nitr\u00edlo Sanitario. B\u00fascanos: Tecni Pack S.a. de C.v Av. Ruiz Cortines, 2813 Ote. Col. Coyoacan CP: 64510, Monterrey. Nuevo [&hellip;]<\/p>\n","protected":false},"author":1,"featured_media":293,"comment_status":"open","ping_status":"closed","template":"","meta":[],"class_list":{"0":"post-291","1":"product","2":"type-product","3":"status-publish","4":"has-post-thumbnail","7":"first","8":"instock","9":"shipping-taxable","10":"product-type-simple"},"_links":{"self":[{"href":"https:\/\/tecni-pack.com\/web\/wp-json\/wp\/v2\/product\/291","targetHints":{"allow":["GET"]}}],"collection":[{"href":"https:\/\/tecni-pack.com\/web\/wp-json\/wp\/v2\/product"}],"about":[{"href":"https:\/\/tecni-pack.com\/web\/wp-json\/wp\/v2\/types\/product"}],"author":[{"embeddable":true,"href":"https:\/\/tecni-pack.com\/web\/wp-json\/wp\/v2\/users\/1"}],"replies":[{"embeddable":true,"href":"https:\/\/tecni-pack.com\/web\/wp-json\/wp\/v2\/comments?post=291"}],"wp:featuredmedia":[{"embeddable":true,"href":"https:\/\/tecni-pack.com\/web\/wp-json\/wp\/v2\/media\/293"}],"wp:attachment":[{"href":"https:\/\/tecni-pack.com\/web\/wp-json\/wp\/v2\/media?parent=291"}],"curies":[{"name":"wp","href":"https:\/\/api.w.org\/{rel}","templated":true}]}}