{"id":283,"date":"2016-08-14T19:55:14","date_gmt":"2016-08-14T19:55:14","guid":{"rendered":"http:\/\/tecni-pack.com\/web\/?post_type=product&#038;p=283"},"modified":"2016-08-14T19:59:52","modified_gmt":"2016-08-14T19:59:52","slug":"guardas-y-fuelles","status":"publish","type":"product","link":"https:\/\/tecni-pack.com\/web\/product\/guardas-y-fuelles\/","title":{"rendered":"Guardas y Fuelles"},"content":{"rendered":"<p>Expertos en la fabricaci\u00f3n de Guardas y Fuelles para proteccion de maquinara y equipo en diferentes dise\u00f1os y materiales.<\/p>\n<p><span class=\"textos12\"><strong>Fabricadas en Materiales como:<\/strong> Hule, lona ahulada, cubiertas de aluminio o aluminazadas para alta temperatura.<br \/>\n<\/span><\/p>\n<div data-canvas-width=\"565.9073391666667\">Las guardas protectoras son fabricadas bajo espec\u00edficas condiciones de operaci\u00f3n. Estas guardas sirven en la industria general como protectores de agentes externos como polvo, agua, aceite, salpicaduras de soldadura que puedan da\u00f1ar alg\u00fan elemento din\u00e1mico o est\u00e1tico del equipo y\/o sistemas<\/div>\n<p>Solicita un presupuesto sin compromiso. <strong>Ventas@tecni-pack.com<\/strong><\/p>\n","protected":false},"excerpt":{"rendered":"<p>Expertos en la fabricaci\u00f3n de Guardas y Fuelles para proteccion de maquinara y equipo en diferentes dise\u00f1os y materiales. Fabricadas en Materiales como: Hule, lona ahulada, cubiertas de aluminio o aluminazadas para alta temperatura. Las guardas protectoras son fabricadas bajo espec\u00edficas condiciones de operaci\u00f3n. Estas guardas sirven en la industria general como protectores de agentes [&hellip;]<\/p>\n","protected":false},"author":1,"featured_media":284,"comment_status":"open","ping_status":"closed","template":"","meta":[],"class_list":{"0":"post-283","1":"product","2":"type-product","3":"status-publish","4":"has-post-thumbnail","7":"first","8":"instock","9":"shipping-taxable","10":"product-type-simple"},"_links":{"self":[{"href":"https:\/\/tecni-pack.com\/web\/wp-json\/wp\/v2\/product\/283","targetHints":{"allow":["GET"]}}],"collection":[{"href":"https:\/\/tecni-pack.com\/web\/wp-json\/wp\/v2\/product"}],"about":[{"href":"https:\/\/tecni-pack.com\/web\/wp-json\/wp\/v2\/types\/product"}],"author":[{"embeddable":true,"href":"https:\/\/tecni-pack.com\/web\/wp-json\/wp\/v2\/users\/1"}],"replies":[{"embeddable":true,"href":"https:\/\/tecni-pack.com\/web\/wp-json\/wp\/v2\/comments?post=283"}],"wp:featuredmedia":[{"embeddable":true,"href":"https:\/\/tecni-pack.com\/web\/wp-json\/wp\/v2\/media\/284"}],"wp:attachment":[{"href":"https:\/\/tecni-pack.com\/web\/wp-json\/wp\/v2\/media?parent=283"}],"curies":[{"name":"wp","href":"https:\/\/api.w.org\/{rel}","templated":true}]}}