{"id":267,"date":"2016-08-14T19:02:22","date_gmt":"2016-08-14T19:02:22","guid":{"rendered":"http:\/\/tecni-pack.com\/web\/?post_type=product&#038;p=267"},"modified":"2016-08-14T19:03:53","modified_gmt":"2016-08-14T19:03:53","slug":"empaques-de-teflon","status":"publish","type":"product","link":"https:\/\/tecni-pack.com\/web\/product\/empaques-de-teflon\/","title":{"rendered":"Empaques de Tefl\u00f3n"},"content":{"rendered":"<p>Fabricamos cualquier pieza en Material Teflon.<\/p>\n<p>La caracteristica principal del\u00a0 tefl\u00f3n (nombre comercial) es que resulta ser pr\u00e1cticamente inerte y no reacciona con otras sustancias qu\u00edmicas, excepto en situaciones muy especiales.<\/p>\n<p>Otra cualidad caracter\u00edstica es su impermeabilidad; adem\u00e1s, mantiene inalterables sus cualidades en ambientes h\u00famedos; piezas de tefl\u00f3n, expuestas durante veinte a\u00f1os a condiciones clim\u00e1ticas extremas no han mostrado cambios en sus propiedades.<\/p>\n<p>Es tambi\u00e9n un excelente aislante el\u00e9ctrico y sumamente flexible, no se altera por la acci\u00f3n de la luz y es capaz de soportar temperaturas desde -270 \u00b0C hasta 300 \u00b0C.<\/p>\n<p>Resulta ser el material con el coeficiente de rozamiento m\u00e1s bajo que se conoce. Cuando nos referimos al contacto entre dos s\u00f3lidos se habla de rozamiento. Si el contacto se refiere al de un s\u00f3lido con un l\u00edquido o un gas, entonces tenemos viscosidad<\/p>\n","protected":false},"excerpt":{"rendered":"<p>Fabricamos cualquier pieza en Material Teflon. La caracteristica principal del\u00a0 tefl\u00f3n (nombre comercial) es que resulta ser pr\u00e1cticamente inerte y no reacciona con otras sustancias qu\u00edmicas, excepto en situaciones muy especiales. Otra cualidad caracter\u00edstica es su impermeabilidad; adem\u00e1s, mantiene inalterables sus cualidades en ambientes h\u00famedos; piezas de tefl\u00f3n, expuestas durante veinte a\u00f1os a condiciones clim\u00e1ticas [&hellip;]<\/p>\n","protected":false},"author":1,"featured_media":268,"comment_status":"open","ping_status":"closed","template":"","meta":[],"class_list":{"0":"post-267","1":"product","2":"type-product","3":"status-publish","4":"has-post-thumbnail","7":"first","8":"instock","9":"shipping-taxable","10":"product-type-simple"},"_links":{"self":[{"href":"https:\/\/tecni-pack.com\/web\/wp-json\/wp\/v2\/product\/267","targetHints":{"allow":["GET"]}}],"collection":[{"href":"https:\/\/tecni-pack.com\/web\/wp-json\/wp\/v2\/product"}],"about":[{"href":"https:\/\/tecni-pack.com\/web\/wp-json\/wp\/v2\/types\/product"}],"author":[{"embeddable":true,"href":"https:\/\/tecni-pack.com\/web\/wp-json\/wp\/v2\/users\/1"}],"replies":[{"embeddable":true,"href":"https:\/\/tecni-pack.com\/web\/wp-json\/wp\/v2\/comments?post=267"}],"wp:featuredmedia":[{"embeddable":true,"href":"https:\/\/tecni-pack.com\/web\/wp-json\/wp\/v2\/media\/268"}],"wp:attachment":[{"href":"https:\/\/tecni-pack.com\/web\/wp-json\/wp\/v2\/media?parent=267"}],"curies":[{"name":"wp","href":"https:\/\/api.w.org\/{rel}","templated":true}]}}