{"id":247,"date":"2016-08-14T17:36:15","date_gmt":"2016-08-14T17:36:15","guid":{"rendered":"http:\/\/tecni-pack.com\/web\/?post_type=product&#038;p=247"},"modified":"2016-08-14T17:36:15","modified_gmt":"2016-08-14T17:36:15","slug":"anillo-guias-o-desgaste","status":"publish","type":"product","link":"https:\/\/tecni-pack.com\/web\/product\/anillo-guias-o-desgaste\/","title":{"rendered":"Anillo Guias o desgaste"},"content":{"rendered":"<p>Los anillos de desgaste proporcionan la funci\u00f3n de cojinete entre los componentes met\u00e1licos de la unidad durante el movimiento de la carrera y en condiciones est\u00e1ticas. Evitan el contacto met\u00e1lico entre los pistones y los cilindros o los v\u00e1stagos y los casquillos, en los que las fuerzas act\u00faan en perpendicular a la direcci\u00f3n del movimiento. El dise\u00f1o del anillo de desgaste muestra una preforma circular pero abierta, lo cual facilita su montaje. Las cintas de guiado proporcionan la funci\u00f3n de cojinete entre los componentes met\u00e1licos de la unidad durante el movimiento de la carrera y en condiciones est\u00e1ticas. Evitan el contacto met\u00e1lico entre los pistones y los cilindros o los v\u00e1stagos y los casquillos, en los que las fuerzas act\u00faan en perpendicular a la direcci\u00f3n del movimiento. El dise\u00f1o de la cinta de guiado es ilimitado, puede cortarse en la longitud deseada y est\u00e1 bobinado en forma de bobina plana o de preforma de espiral.<\/p>\n","protected":false},"excerpt":{"rendered":"<p>Los anillos de desgaste proporcionan la funci\u00f3n de cojinete entre los componentes met\u00e1licos de la unidad durante el movimiento de la carrera y en condiciones est\u00e1ticas. Evitan el contacto met\u00e1lico entre los pistones y los cilindros o los v\u00e1stagos y los casquillos, en los que las fuerzas act\u00faan en perpendicular a la direcci\u00f3n del movimiento. [&hellip;]<\/p>\n","protected":false},"author":1,"featured_media":248,"comment_status":"open","ping_status":"closed","template":"","meta":[],"class_list":{"0":"post-247","1":"product","2":"type-product","3":"status-publish","4":"has-post-thumbnail","7":"first","8":"instock","9":"shipping-taxable","10":"product-type-simple"},"_links":{"self":[{"href":"https:\/\/tecni-pack.com\/web\/wp-json\/wp\/v2\/product\/247","targetHints":{"allow":["GET"]}}],"collection":[{"href":"https:\/\/tecni-pack.com\/web\/wp-json\/wp\/v2\/product"}],"about":[{"href":"https:\/\/tecni-pack.com\/web\/wp-json\/wp\/v2\/types\/product"}],"author":[{"embeddable":true,"href":"https:\/\/tecni-pack.com\/web\/wp-json\/wp\/v2\/users\/1"}],"replies":[{"embeddable":true,"href":"https:\/\/tecni-pack.com\/web\/wp-json\/wp\/v2\/comments?post=247"}],"wp:featuredmedia":[{"embeddable":true,"href":"https:\/\/tecni-pack.com\/web\/wp-json\/wp\/v2\/media\/248"}],"wp:attachment":[{"href":"https:\/\/tecni-pack.com\/web\/wp-json\/wp\/v2\/media?parent=247"}],"curies":[{"name":"wp","href":"https:\/\/api.w.org\/{rel}","templated":true}]}}