{"id":6,"date":"2016-08-13T13:50:43","date_gmt":"2016-08-13T13:50:43","guid":{"rendered":"http:\/\/tecni-pack.com\/web\/?page_id=6"},"modified":"2016-08-13T15:48:56","modified_gmt":"2016-08-13T15:48:56","slug":"politicas-de-privacidad","status":"publish","type":"page","link":"https:\/\/tecni-pack.com\/web\/politicas-de-privacidad\/","title":{"rendered":"Pol\u00edticas de Privacidad"},"content":{"rendered":"<div class=\"rte\">\n<p><img loading=\"lazy\" decoding=\"async\" class=\"alignnone size-full wp-image-42\" src=\"http:\/\/tecni-pack.com\/web\/wp-content\/uploads\/2016\/08\/banner-aviso-legal.jpg\" alt=\"banner-aviso-legal\" width=\"2000\" height=\"236\" srcset=\"https:\/\/tecni-pack.com\/web\/wp-content\/uploads\/2016\/08\/banner-aviso-legal.jpg 2000w, https:\/\/tecni-pack.com\/web\/wp-content\/uploads\/2016\/08\/banner-aviso-legal-300x35.jpg 300w, https:\/\/tecni-pack.com\/web\/wp-content\/uploads\/2016\/08\/banner-aviso-legal-768x91.jpg 768w, https:\/\/tecni-pack.com\/web\/wp-content\/uploads\/2016\/08\/banner-aviso-legal-1024x121.jpg 1024w, https:\/\/tecni-pack.com\/web\/wp-content\/uploads\/2016\/08\/banner-aviso-legal-420x50.jpg 420w, https:\/\/tecni-pack.com\/web\/wp-content\/uploads\/2016\/08\/banner-aviso-legal-738x87.jpg 738w\" sizes=\"auto, (max-width: 2000px) 100vw, 2000px\" \/><\/p>\n<p><strong>AVISO DE PRIVACIDAD<\/strong> En cumplimiento con la Ley Federal de Protecci\u00f3n de Datos Personales en Posesi\u00f3n de los Particulares y con el fin de Asegurar la protecci\u00f3n y privacidad de los datos personales, as\u00ed como regular el acceso, rectificaci\u00f3n, cancelaci\u00f3n y oposici\u00f3n del manejo de los mismos (Fundamento jur\u00eddico: Art. 16 Constitucional Art. 1 y 2 LFPDPPP) Compromiso con la privacidad para con nuestros clientes La Capital de Selladas del Mundo, S.A. de C.V., (en lo sucesivo &#8220;La Empresa&#8221;), se\u00f1alando para efectos del presente Aviso de Privacidad el domicilio ubicado en Avenida Ruiz Cortines 2813 Ote. Colonia Coyoacan en Monterrey, N.L. M\u00e9xico, C.P. 64510, ser\u00e1 el responsable de los datos personales que le sean proporcionados por las personas f\u00edsicas o morales a quien correspondan esos datos (en lo sucesivo \u201cEl Titular\u201d), para s\u00ed mismo y somos responsables de la protecci\u00f3n de su datos personales.<br \/>\nEl tratamiento de los datos personales del Titular que se han puesto a disposici\u00f3n de \u201cLa Empresa\u201d, bajo cualquier forma o circunstancia, podr\u00e1 ser efectuado de conformidad con los presentes t\u00e9rminos y condiciones, por lo que desde este momento se entiende, que el Titular otorga su consentimiento para dicho tratamiento. La informaci\u00f3n de Datos Personales y\/o Datos Sensibles, que es recolectada por \u201cLa Empresa\u201d, de manera directa del \u201cTitular\u201d con su pleno consentimiento, tendr\u00e1 el uso que en forma enunciativa pero no limitativa se describe a continuaci\u00f3n:<\/p>\n<p>i) Identificarle<br \/>\nii) Ubicarle<br \/>\niii) Comunicarle contactarse<br \/>\niv) Enviarle informaci\u00f3n y\/o mercanc\u00eda<br \/>\nv) Estad\u00edsticos<\/p>\n<p>El uso de sus Datos Personales y \/o Sensibles, tendr\u00e1n relaci\u00f3n directa con la relaci\u00f3n que usted tiene en su car\u00e1cter de Cliente con \u201cLa Empresa\u201d Es responsabilidad del Titular de los Datos Personales, el garantizar que los Datos, facilitados a \u201cLa Empresa\u201d, sean veraces y completos, y es responsable de comunicar al \u201cLa Empresa\u201d, cualquier modificaci\u00f3n en los mismos a efecto de que se pueda cumplir con la obligaci\u00f3n de mantener la informaci\u00f3n actualizada.<\/p>\n<p>La temporalidad del manejo de los Datos Personales del \u201cEl titular\u201d, depender\u00e1 de la relaci\u00f3n jur\u00eddica que se tenga celebrada con \u201cLa Empresa\u201d, as\u00ed como de las obligaciones exigidas por la legislaci\u00f3n vigente y las autoridades competentes. En todos los casos la informaci\u00f3n ser\u00e1 guardada s\u00f3lo por el tiempo razonable.<br \/>\nLa informaci\u00f3n que sea entregada a \u201cLa Empresa\u201d, ser\u00e1 debidamente resguardada, conservada y protegida, con los medios tecnol\u00f3gicos y f\u00edsicos adecuadas a efecto de que se impida su p\u00e9rdida, mal uso, alteraci\u00f3n, acceso no autorizado y robo.<\/p>\n<p>S\u00f3lo tendr\u00e1n acceso a la informaci\u00f3n aquellas personas autorizadas por \u201cLa Empresa\u201d, quienes han asumido el compromiso de mantener la informaci\u00f3n bajo un estricto orden de confidencialidad y seguridad.<br \/>\nEn caso de que los datos personales resguardados sean requeridos por una autoridad de cualquier \u00edndole, ya sea por proceso legal, para responder a cualquier reclamo o acciones legales, o para proteger los derechos de la \u201cLa Empresa\u201d; estos datos se podr\u00e1n a su disposici\u00f3n dentro del estricto cumplimiento a la Ley.<br \/>\nLos \u201cTitulares\u201d, de la informaci\u00f3n tendr\u00e1n derecho a solicitar el acceso, rectificaci\u00f3n, cancelaci\u00f3n u oposici\u00f3n de sus datos, mediante solicitud escrita dirigida a: Tecni Pack, S.A. de C.V., en el siguiente domicilio: ubicado en Avenida Ruiz Cortines 2813 Ote. en la Colonia Coyoacan en Monterrey, N.L. M\u00e9xico, C.P. 64510, de las 09:00 a las 13:00 horas, en d\u00edas h\u00e1biles, mediante solicitud formulada a nuestras oficinas o al correo electr\u00f3nico ventas@tecni-pack.com \u201cLa Empresa\u201c, le dar\u00e1 una respuesta a las solicitudes del \u201cTitular\u201d, de la informaci\u00f3n, siempre y cuando no se actualice alguna de las excepciones contenidas en la Ley Federal de protecci\u00f3n de datos personales en posesi\u00f3n de los particulares y el solicitante cumpla con los requisitos contenidos en el art\u00edculo 29 de la mencionada Ley. Que a la letra dice: I. Se\u00f1alar el nombre del titular y domicilio u otro medio para comunicarle la respuesta a su solicitud; II. Los documentos que acrediten la identidad o, en su caso, la representaci\u00f3n legal del titular; III. La descripci\u00f3n clara y precisa de los datos personales respecto de los que se busca ejercer alguno de los derechos antes mencionados, y IV. Cualquier otro elemento o documento que facilite la localizaci\u00f3n de los datos personales, es decir, a qu\u00e9 empresa del Grupo fueron proporcionados, la persona a qui\u00e9n fueron proporcionados o \u00e1rea de la empresa a la que pertenece la persona a la que se proporcionaron los datos. En ning\u00fan momento los datos sensibles del \u201cTitular\u201d, sean transferidos a cualquier tercero, salvo en el caso que sean transferidos a alguna autoridad por ministerio de Ley o requerimiento, o con motivo del cumplimiento de la relaci\u00f3n jur\u00eddica celebrada con el \u201cTitular\u201d y \u201c La Empresa\u201d, Asi mismo, si \u201cLa Empresa\u201d requiera usar sus Datos Personales y\/o Datos Sensibles con fines distintos a los pactados o convenidos al tenor de la relaci\u00f3n jur\u00eddica que se tiene con el \u201cTitular\u201d, se notificar\u00e1 al \u201cTitular\u201d en forma escrita, telef\u00f3nica, electr\u00f3nica, o por cualquier medio \u00f3ptico, sonoro, visual u otro que la tecnolog\u00eda permita en ese momento, explicando los nuevos usos que pretenda darle a dicha informaci\u00f3n a fin de recabar su autorizaci\u00f3n.<\/p>\n<p>Con el presente Aviso de Privacidad, los Titulares de la informaci\u00f3n quedan debidamente informados de los datos que se recabaron de ellos y con qu\u00e9 fines, aceptando los t\u00e9rminos contenidos que fueron elaborados en cumplimiento a la Ley Federal de Protecci\u00f3n de Datos Personales en Posesi\u00f3n de los Particulares.<br \/>\n\u201cLa Empresa\u201d, se reserva el derecho a modificar la presente pol\u00edtica para adaptarla a novedades legislativas o jurisprudenciales as\u00ed como a pr\u00e1cticas de la industria. En dichos supuestos, se anunciar\u00e1 en esta p\u00e1gina los cambios introducidos con razonable antelaci\u00f3n a su puesta en pr\u00e1ctica.<\/p>\n<p>El presente Aviso de Privacidad, as\u00ed como el manejo en general de la Ley que haga \u201cLa Empresa\u201d, se rige por la legislaci\u00f3n vigente y aplicable en los Estados Unidos Mexicanos, cualquier controversia que se suscite con motivo de su aplicaci\u00f3n deber\u00e1 ventilarse ante los \u00d3rganos Jurisdiccionales competentes en la Ciudad de M\u00e9xico, Distrito Federal.<\/p>\n<p>Ejercer tus derechos de acceso, rectificaci\u00f3n, cancelaci\u00f3n u oposici\u00f3n de datos personales En cumplimiento con los dispuesto por la legislaci\u00f3n federal vigente en materia de protecci\u00f3n de datos personales, si deseas ejercer el derecho de acceso, rectificaci\u00f3n, cancelaci\u00f3n y\/u oposici\u00f3n en relaci\u00f3n con tus datos personales, deber\u00e1s enviar personalmente, o por conducto de tu representante legal, una solicitud a la direcci\u00f3n se\u00f1alada al inicio de la presente Pol\u00edtica, La solicitud deber\u00e1 contener y acompa\u00f1ar los requisitos que se se\u00f1alan en la Ley Federal de Protecci\u00f3n de Datos Personales en Posesi\u00f3n de Particulares y en su Reglamento, documentos que puedes consultar en el sitio Web del Instituto Federal de Acceso a la Informaci\u00f3n y Protecci\u00f3n de Datos.<\/p>\n<p>Tecni Pack S.A. de C.V.<\/p>\n<\/div>\n","protected":false},"excerpt":{"rendered":"<p>AVISO DE PRIVACIDAD En cumplimiento con la Ley Federal de Protecci\u00f3n de Datos Personales en Posesi\u00f3n de los Particulares y con el fin de Asegurar la protecci\u00f3n y privacidad de los datos personales, as\u00ed como regular el acceso, rectificaci\u00f3n, cancelaci\u00f3n y oposici\u00f3n del manejo de los mismos (Fundamento jur\u00eddico: Art. 16 Constitucional Art. 1 y [&hellip;]<\/p>\n","protected":false},"author":1,"featured_media":0,"parent":0,"menu_order":0,"comment_status":"closed","ping_status":"closed","template":"","meta":{"footnotes":""},"class_list":["post-6","page","type-page","status-publish","hentry"],"_links":{"self":[{"href":"https:\/\/tecni-pack.com\/web\/wp-json\/wp\/v2\/pages\/6","targetHints":{"allow":["GET"]}}],"collection":[{"href":"https:\/\/tecni-pack.com\/web\/wp-json\/wp\/v2\/pages"}],"about":[{"href":"https:\/\/tecni-pack.com\/web\/wp-json\/wp\/v2\/types\/page"}],"author":[{"embeddable":true,"href":"https:\/\/tecni-pack.com\/web\/wp-json\/wp\/v2\/users\/1"}],"replies":[{"embeddable":true,"href":"https:\/\/tecni-pack.com\/web\/wp-json\/wp\/v2\/comments?post=6"}],"version-history":[{"count":8,"href":"https:\/\/tecni-pack.com\/web\/wp-json\/wp\/v2\/pages\/6\/revisions"}],"predecessor-version":[{"id":43,"href":"https:\/\/tecni-pack.com\/web\/wp-json\/wp\/v2\/pages\/6\/revisions\/43"}],"wp:attachment":[{"href":"https:\/\/tecni-pack.com\/web\/wp-json\/wp\/v2\/media?parent=6"}],"curies":[{"name":"wp","href":"https:\/\/api.w.org\/{rel}","templated":true}]}}