{"id":19,"date":"2016-08-13T14:13:59","date_gmt":"2016-08-13T14:13:59","guid":{"rendered":"http:\/\/tecni-pack.com\/web\/?page_id=19"},"modified":"2018-02-20T22:15:20","modified_gmt":"2018-02-20T22:15:20","slug":"contacto","status":"publish","type":"page","link":"https:\/\/tecni-pack.com\/web\/contacto\/","title":{"rendered":"Contacto"},"content":{"rendered":"<p><b>UBICACI\u00d3N<\/b><\/p>\n<p style=\"text-align: justify;\">Magnolia 1717-B Col. Reforma C.P, 64550 MTY, N.L. M\u00c9XICO<br \/>\nTel: 01 (81) 8355 7531<\/p>\n<p><strong>D\u00c9JANOS UN MENSAJE:<\/strong><\/p>\n<p style=\"text-align: justify;\">Si tiene alguna duda, requiere un presupuesto o quiere saber m\u00e1s sobre alguno de nuestros productos y\/o servicios, puede llamarnos a nuestro tel\u00e9fono o llenar el siguiente formulario de contacto para enviarnos un mensaje, le responderemos a la brevedad posible, gracias.<\/p>\n<p>&nbsp;<\/p>\n<p><a href=\"http:\/\/iframe%20src=https:\/\/www.google.com\/maps\/embed?pb=!4v1519164525192!6m8!1m7!1snLH2WwpfraGHoS3UEKhVvQ!2m2!1d25.69453747068024!2d-100.2958969789192!3f348.6538021158481!4f-3.1207318970805176!5f1.5161672136152107%20width=800%20height=600%20frameborder=0%20style=border:0%20allowfullscreen\/iframe\"><iframe loading=\"lazy\" style=\"border: 0;\" src=\"https:\/\/www.google.com\/maps\/embed?pb=!4v1519164525192!6m8!1m7!1snLH2WwpfraGHoS3UEKhVvQ!2m2!1d25.69453747068024!2d-100.2958969789192!3f348.6538021158481!4f-3.1207318970805176!5f1.5161672136152107\" width=\"800\" height=\"600\" frameborder=\"0\" allowfullscreen=\"allowfullscreen\" data-mce-fragment=\"1\"><\/iframe><\/a><\/p>\n","protected":false},"excerpt":{"rendered":"<p>UBICACI\u00d3N Magnolia 1717-B Col. Reforma C.P, 64550 MTY, N.L. M\u00c9XICO Tel: 01 (81) 8355 7531 D\u00c9JANOS UN MENSAJE: Si tiene alguna duda, requiere un presupuesto o quiere saber m\u00e1s sobre alguno de nuestros productos y\/o servicios, puede llamarnos a nuestro tel\u00e9fono o llenar el siguiente formulario de contacto para enviarnos un mensaje, le responderemos a [&hellip;]<\/p>\n","protected":false},"author":1,"featured_media":0,"parent":0,"menu_order":0,"comment_status":"closed","ping_status":"closed","template":"","meta":{"footnotes":""},"class_list":["post-19","page","type-page","status-publish","hentry"],"_links":{"self":[{"href":"https:\/\/tecni-pack.com\/web\/wp-json\/wp\/v2\/pages\/19","targetHints":{"allow":["GET"]}}],"collection":[{"href":"https:\/\/tecni-pack.com\/web\/wp-json\/wp\/v2\/pages"}],"about":[{"href":"https:\/\/tecni-pack.com\/web\/wp-json\/wp\/v2\/types\/page"}],"author":[{"embeddable":true,"href":"https:\/\/tecni-pack.com\/web\/wp-json\/wp\/v2\/users\/1"}],"replies":[{"embeddable":true,"href":"https:\/\/tecni-pack.com\/web\/wp-json\/wp\/v2\/comments?post=19"}],"version-history":[{"count":24,"href":"https:\/\/tecni-pack.com\/web\/wp-json\/wp\/v2\/pages\/19\/revisions"}],"predecessor-version":[{"id":402,"href":"https:\/\/tecni-pack.com\/web\/wp-json\/wp\/v2\/pages\/19\/revisions\/402"}],"wp:attachment":[{"href":"https:\/\/tecni-pack.com\/web\/wp-json\/wp\/v2\/media?parent=19"}],"curies":[{"name":"wp","href":"https:\/\/api.w.org\/{rel}","templated":true}]}}