{"id":10,"date":"2016-08-13T13:56:50","date_gmt":"2016-08-13T13:56:50","guid":{"rendered":"http:\/\/tecni-pack.com\/web\/?page_id=10"},"modified":"2018-02-20T21:58:07","modified_gmt":"2018-02-20T21:58:07","slug":"quienes-somos","status":"publish","type":"page","link":"https:\/\/tecni-pack.com\/web\/quienes-somos\/","title":{"rendered":"\u00bfQui\u00e9nes Somos?"},"content":{"rendered":"<p><video controls=\"controls\" width=\"450\" height=\"290\"><source src=\"http:\/\/www.tecni-pack.com\/videofinal.mp4\" type=\"video\/mp4\" autoplay=\"autoplay\" \/><\/video><\/p>\n<p style=\"text-align: justify;\">Somos TECNI PACK\u00a0S.A de C.V., empresa dedicada a la comercializaci\u00f3n y fabricaci\u00f3n de todo tipo de sellos para maquinaria, as\u00ed como piezas de hule y poliuretano para equipos hidr\u00e1ulicos y neum\u00e1ticos.<\/p>\n<p>Nuestro objetivo es brindar a nuestros clientes productos de calidad que puedan satisfacer sus necesidades a un precio accesible; ofreciendo atenci\u00f3n y asesor\u00eda especializada y personalizada para cada de nuestro clientes.<\/p>\n<p>&nbsp;<\/p>\n<p style=\"text-align: justify;\">\n<ul>\n<li style=\"text-align: justify;\"><a href=\"http:\/\/tecni-pack.com\/web\/?s=sellos&amp;post_type=product\"><em><strong>Sellos Hidr\u00e1ulicos<\/strong><\/em><\/a> (bandas de desgaste, chevrones, copas, expansores,\u00a0limpiadores, polypack, polyseal, telesc\u00f3picos, tipo u, orings y\u00a0kit de orings)<\/li>\n<li style=\"text-align: justify;\"><a href=\"http:\/\/tecni-pack.com\/web\/producto\/empaques-de-hule\/\"><em><strong>Empaques de Hule<\/strong><\/em><\/a> (nitrilo, vit\u00f3n, silic\u00f3n, neopreno, epdm)<\/li>\n<li style=\"text-align: justify;\"><a href=\"http:\/\/tecni-pack.com\/web\/producto\/empaques-de-poliuretano\/\"><strong><em>Empaques de Poliuretano<\/em><\/strong><\/a><\/li>\n<li style=\"text-align: justify;\"><a href=\"http:\/\/tecni-pack.com\/web\/producto\/empaques-de-teflon\/\"><strong><em>Empaques de Tefl\u00f3n<\/em><\/strong><\/a><\/li>\n<li style=\"text-align: justify;\"><a href=\"http:\/\/tecni-pack.com\/web\/producto\/fabricacion-de-cilindros-hidraulicos-y-neumaticos\/\"><strong><em>Fabricaci\u00f3n de Cilindros Hidr\u00e1ulicos y Neum\u00e1ticos<\/em><\/strong><\/a><\/li>\n<li style=\"text-align: justify;\"><strong><em><a href=\"http:\/\/tecni-pack.com\/web\/producto\/sellos-mecanicos\/\">Sellos Mec\u00e1nicos<\/a>\u00a0<\/em><\/strong> (todos los tipos)<\/li>\n<li style=\"text-align: justify;\"><strong><em><a href=\"http:\/\/tecni-pack.com\/web\/producto\/recubrimientos-de-rodillos-y-ruedas\/\">Recubrimiento de Rodillos y Ruedas<\/a><br \/>\n<\/em><\/strong><\/li>\n<li style=\"text-align: justify;\"><a href=\"http:\/\/tecni-pack.com\/web\/producto\/guardas-y-fuelles\/\"><strong><em>Guardas y Fuelles tipo acorde\u00f3n<\/em><\/strong><\/a><\/li>\n<li style=\"text-align: justify;\"><a href=\"http:\/\/tecni-pack.com\/web\/producto\/wiper-o-rascadores-para-guardas-cnc\/\"><strong><em>Wipers o Rascadores para guardas de CNC<\/em><\/strong><\/a><\/li>\n<li style=\"text-align: justify;\"><a href=\"http:\/\/tecni-pack.com\/web\/producto\/perfiles-extruidos-de-hule\/\"><strong><em>Perfiles Extruidos de Hule<\/em><\/strong><\/a><\/li>\n<li style=\"text-align: justify;\"><strong><em>Inyecci\u00f3n de Pl\u00e1stico.<\/em><\/strong><\/li>\n<li style=\"text-align: justify;\"><a href=\"http:\/\/tecni-pack.com\/web\/producto\/maquinados-industriales\/\"><em><strong>Maquinados Industriales<\/strong><\/em><\/a> (torno, fresadora, CNC)<\/li>\n<li style=\"text-align: justify;\"><a href=\"http:\/\/tecni-pack.com\/web\/producto\/vulcanizados-metal-hule\/\"><strong><em>Vulcanizados Metal-Hule<\/em> <\/strong><\/a>(soportes, dampers)<strong><br \/>\n<\/strong><\/li>\n<li style=\"text-align: justify;\"><a href=\"http:\/\/tecni-pack.com\/web\/producto\/empaquetaduras-trenzadas\/\"><em><strong>Empaquetaduras Trenzadas<\/strong><\/em><\/a> (tefl\u00f3n, grafito, kevlar)<\/li>\n<li style=\"text-align: justify;\"><em><strong>Laminados de Grafito,\u00a0Tefl\u00f3n y\u00a0Libre de Asbesto<\/strong><\/em><\/li>\n<li style=\"text-align: justify;\"><a href=\"http:\/\/tecni-pack.com\/web\/producto\/sellos-weco\/\"><strong><em>Sellos Weco en vit\u00f3n duro<\/em><\/strong><\/a><\/li>\n<li style=\"text-align: justify;\"><a href=\"http:\/\/tecni-pack.com\/web\/producto\/empaques-para-inercambiadores-de-calor\/\"><em><strong>Empaques para Intercambiadores de Calor<\/strong><\/em><\/a><\/li>\n<li style=\"text-align: justify;\"><a href=\"http:\/\/tecni-pack.com\/web\/producto\/asientos-para-valvulas-de-mud-pumps\/\"><em><strong>Asientos para v\u00e1lvulas de Mud Pumps<\/strong><\/em><\/a><\/li>\n<li style=\"text-align: justify;\"><a href=\"http:\/\/tecni-pack.com\/web\/producto\/juntas-para-bridas-y-suajeadas\/\"><em><strong>Juntas para bridas y suajeadas.<\/strong><\/em><\/a><\/li>\n<li style=\"text-align: justify;\"><a href=\"http:\/\/tecni-pack.com\/web\/producto\/diafragmas-de-hule\/\"><em><strong>Diafragmas de Hule<\/strong><\/em><\/a><\/li>\n<\/ul>\n<p><strong>TECNI PACK\u00a0S.A. de C.V.<\/strong><br \/>\nMagnolia 1717-B Col. Reforma C.P. 64550<br \/>\nMonterrey, Nuevo Le\u00f3n, M\u00e9xico<br \/>\nventas@tecni-pack.com<\/p>\n","protected":false},"excerpt":{"rendered":"<p>Somos TECNI PACK\u00a0S.A de C.V., empresa dedicada a la comercializaci\u00f3n y fabricaci\u00f3n de todo tipo de sellos para maquinaria, as\u00ed como piezas de hule y poliuretano para equipos hidr\u00e1ulicos y neum\u00e1ticos. Nuestro objetivo es brindar a nuestros clientes productos de calidad que puedan satisfacer sus necesidades a un precio accesible; ofreciendo atenci\u00f3n y asesor\u00eda especializada [&hellip;]<\/p>\n","protected":false},"author":1,"featured_media":0,"parent":0,"menu_order":0,"comment_status":"closed","ping_status":"closed","template":"","meta":{"footnotes":""},"class_list":["post-10","page","type-page","status-publish","hentry"],"_links":{"self":[{"href":"https:\/\/tecni-pack.com\/web\/wp-json\/wp\/v2\/pages\/10","targetHints":{"allow":["GET"]}}],"collection":[{"href":"https:\/\/tecni-pack.com\/web\/wp-json\/wp\/v2\/pages"}],"about":[{"href":"https:\/\/tecni-pack.com\/web\/wp-json\/wp\/v2\/types\/page"}],"author":[{"embeddable":true,"href":"https:\/\/tecni-pack.com\/web\/wp-json\/wp\/v2\/users\/1"}],"replies":[{"embeddable":true,"href":"https:\/\/tecni-pack.com\/web\/wp-json\/wp\/v2\/comments?post=10"}],"version-history":[{"count":63,"href":"https:\/\/tecni-pack.com\/web\/wp-json\/wp\/v2\/pages\/10\/revisions"}],"predecessor-version":[{"id":398,"href":"https:\/\/tecni-pack.com\/web\/wp-json\/wp\/v2\/pages\/10\/revisions\/398"}],"wp:attachment":[{"href":"https:\/\/tecni-pack.com\/web\/wp-json\/wp\/v2\/media?parent=10"}],"curies":[{"name":"wp","href":"https:\/\/api.w.org\/{rel}","templated":true}]}}